{"id":446,"date":"2017-09-05T16:51:48","date_gmt":"2017-09-05T13:51:48","guid":{"rendered":"https:\/\/efspro.ee\/?page_id=446"},"modified":"2020-02-26T12:28:30","modified_gmt":"2020-02-26T09:28:30","slug":"kontakt","status":"publish","type":"page","link":"https:\/\/efsehitus.ee\/ru\/kontakt\/","title":{"rendered":"\u041a\u043e\u043d\u0442\u0430\u043a\u0442"},"content":{"rendered":"<p> \u0421 \u0443\u0434\u043e\u0432\u043e\u043b\u044c\u0441\u0442\u0432\u0438\u0435\u043c \u043e\u0442\u0432\u0435\u0442\u0438\u043c \u043d\u0430 \u0412\u0430\u0448 \u0437\u0430\u043f\u0440\u043e\u0441 \u043f\u043e \u0442\u0435\u043b\u0435\u0444\u043e\u043d\u0443 \u0438\u043b\u0438 \u043f\u043e \u044d-\u043f\u043e\u0447\u0442\u0435:<\/p>\n\n\n\n<p>\u0422\u0435\u043b.: (+372) 55 38 298<\/p>\n\n\n\n<p>\u042d-\u043f\u043e\u0447\u0442\u0430: info@efsehitus.ee<\/p>\n\n\n\n<p>EFS O\u00dc<\/p>\n\n\n\n<p>Reg. 12808167<\/p>\n\n\n\n<p>P\u00f5llu tee 9-6, P\u00e4rnam\u00e4e 74020, Eesti<\/p>\n\n\n\n<p>\u041b\u0438\u0446\u0435\u043d\u0437\u0438\u044f: EEH010088<\/p>","protected":false},"excerpt":{"rendered":"<p>\u0421 \u0443\u0434\u043e\u0432\u043e\u043b\u044c\u0441\u0442\u0432\u0438\u0435\u043c \u043e\u0442\u0432\u0435\u0442\u0438\u043c \u043d\u0430 \u0412\u0430\u0448 \u0437\u0430\u043f\u0440\u043e\u0441 \u043f\u043e \u0442\u0435\u043b\u0435\u0444\u043e\u043d\u0443 \u0438\u043b\u0438 \u043f\u043e \u044d-\u043f\u043e\u0447\u0442\u0435: \u0422\u0435\u043b.: (+372) 55 38 298 \u042d-\u043f\u043e\u0447\u0442\u0430: info@efsehitus.ee EFS O\u00dc Reg. 12808167 P\u00f5llu tee 9-6, P\u00e4rnam\u00e4e 74020, Eesti \u041b\u0438\u0446\u0435\u043d\u0437\u0438\u044f: EEH010088<\/p>\n","protected":false},"author":1,"featured_media":0,"parent":0,"menu_order":0,"comment_status":"closed","ping_status":"closed","template":"","meta":{"footnotes":""},"class_list":["post-446","page","type-page","status-publish","hentry"],"_links":{"self":[{"href":"https:\/\/efsehitus.ee\/ru\/wp-json\/wp\/v2\/pages\/446","targetHints":{"allow":["GET"]}}],"collection":[{"href":"https:\/\/efsehitus.ee\/ru\/wp-json\/wp\/v2\/pages"}],"about":[{"href":"https:\/\/efsehitus.ee\/ru\/wp-json\/wp\/v2\/types\/page"}],"author":[{"embeddable":true,"href":"https:\/\/efsehitus.ee\/ru\/wp-json\/wp\/v2\/users\/1"}],"replies":[{"embeddable":true,"href":"https:\/\/efsehitus.ee\/ru\/wp-json\/wp\/v2\/comments?post=446"}],"version-history":[{"count":14,"href":"https:\/\/efsehitus.ee\/ru\/wp-json\/wp\/v2\/pages\/446\/revisions"}],"predecessor-version":[{"id":778,"href":"https:\/\/efsehitus.ee\/ru\/wp-json\/wp\/v2\/pages\/446\/revisions\/778"}],"wp:attachment":[{"href":"https:\/\/efsehitus.ee\/ru\/wp-json\/wp\/v2\/media?parent=446"}],"curies":[{"name":"wp","href":"https:\/\/api.w.org\/{rel}","templated":true}]}}